{"id":53,"date":"2020-10-27T18:09:43","date_gmt":"2020-10-27T18:09:43","guid":{"rendered":"https:\/\/joerg-frisch.de\/?page_id=53"},"modified":"2021-01-18T09:56:58","modified_gmt":"2021-01-18T09:56:58","slug":"datenschutz","status":"publish","type":"page","link":"https:\/\/joerg-frisch.de\/index.php\/datenschutz\/","title":{"rendered":"Datenschutz"},"content":{"rendered":"\t\t<div data-elementor-type=\"wp-page\" data-elementor-id=\"53\" class=\"elementor elementor-53\">\n\t\t\t\t\t\t<section class=\"elementor-section elementor-top-section elementor-element elementor-element-6931e29 elementor-section-boxed elementor-section-height-default elementor-section-height-default\" data-id=\"6931e29\" data-element_type=\"section\" data-e-type=\"section\">\n\t\t\t\t\t\t<div class=\"elementor-container elementor-column-gap-default\">\n\t\t\t\t\t<div class=\"elementor-column elementor-col-100 elementor-top-column elementor-element elementor-element-db0a45c\" data-id=\"db0a45c\" data-element_type=\"column\" data-e-type=\"column\">\n\t\t\t<div class=\"elementor-widget-wrap elementor-element-populated\">\n\t\t\t\t\t\t<div class=\"elementor-element elementor-element-ac89bc3 elementor-widget elementor-widget-text-editor\" data-id=\"ac89bc3\" data-element_type=\"widget\" data-e-type=\"widget\" data-widget_type=\"text-editor.default\">\n\t\t\t\t<div class=\"elementor-widget-container\">\n\t\t\t\t\t\t\t\t\t<h4 style=\"box-sizing: inherit;\">Informationen zum Datenschutz<\/h4><p style=\"box-sizing: inherit; color: rgb(117, 117, 117); font-family: Raleway;\">Wir nehmen den Schutz Ihrer personenbezogenen Daten sehr ernst und m\u00f6chten Ihnen mit dieser Datenschutzerkl\u00e4rung daher einen \u00dcberblick dar\u00fcber geben, wie der Schutz Ihrer Daten gew\u00e4hrleistet wird, welche Art von Daten zu welchem Zweck erhoben und wie sie verwendet werden.<\/p><p style=\"box-sizing: inherit; color: rgb(117, 117, 117); font-family: Raleway;\"><strong style=\"box-sizing: inherit;\">Hinweis zum Datenschutz<\/strong><br style=\"box-sizing: inherit;\">Bei der Nutzung unseres Informationsangebotes werden personenbezogene Daten erhoben. Dies ist schon aus technischen Gr\u00fcnden erforderlich, um Ihnen alle Funktionalit\u00e4ten unserer Website und die Sicherheit unseres Angebotes zu gew\u00e4hrleisten (Rechtsgrundlage ist&nbsp;<abbr title=\"Artikel\" style=\"box-sizing: inherit;\">Art.<\/abbr>&nbsp;6&nbsp;<abbr title=\"Absatz\" style=\"box-sizing: inherit;\">Abs.<\/abbr>&nbsp;1 S. 1 lit. e&nbsp;<abbr title=\"Datenschutz-Grundverordnung\" style=\"box-sizing: inherit;\">DSGVO<\/abbr>&nbsp;beziehungsweise soweit Ihre Einwilligung vorliegt oder es um vertragliche Beziehungen geht auch&nbsp;<abbr title=\"Artikel\" style=\"box-sizing: inherit;\">Art.<\/abbr>&nbsp;6 Abs.1 S.1 lit a, b&nbsp;<abbr title=\"Datenschutz-Grundverordnung\" style=\"box-sizing: inherit;\">DSGVO<\/abbr>).<\/p><p style=\"box-sizing: inherit; color: rgb(117, 117, 117); font-family: Raleway;\"><strong style=\"box-sizing: inherit;\">Protokoll- oder Log-Dateien<\/strong><br style=\"box-sizing: inherit;\">Das Internetangebot wird bei MR-Host&nbsp;gehostet.<\/p><p style=\"box-sizing: inherit; color: rgb(117, 117, 117); font-family: Raleway;\">MR-Host<br style=\"box-sizing: inherit;\">Friedrich-Ebert-Str. 364<br style=\"box-sizing: inherit;\">47139 Duisburg<br style=\"box-sizing: inherit;\">Telefon: 0203 878424-0<br style=\"box-sizing: inherit;\">Telefax: 0203 878424-19<\/p><p style=\"box-sizing: inherit; color: rgb(117, 117, 117); font-family: Raleway;\">Bei jedem Zugriff auf Inhalte des Internetangebotes werden dort vor\u00fcbergehend Daten \u00fcber so genannte Protokoll- oder Log-Dateien gespeichert, die m\u00f6glicherweise eine Identifizierung zulassen. Die folgenden Daten werden bei jedem Aufruf der Internetseite erhoben:<\/p><ul style=\"box-sizing: inherit; color: rgb(117, 117, 117); font-family: Raleway;\"><li style=\"box-sizing: inherit;\">Datum und Uhrzeit des Abrufs<\/li><li style=\"box-sizing: inherit;\">Name des aufgerufenen Internetdienstes, der aufgerufenen Ressource und der verwendeten Aktion<\/li><li style=\"box-sizing: inherit;\">Abfrage, die der Client gestellt hat<\/li><li style=\"box-sizing: inherit;\">\u00fcbertragene Datenmenge<\/li><li style=\"box-sizing: inherit;\">Meldung, ob der Abruf erfolgreich war<\/li><li style=\"box-sizing: inherit;\">IP-Adresse des aufrufenden Rechners<\/li><li style=\"box-sizing: inherit;\">Clientinformationen (u.a. Browser, Betriebssystem)<\/li><li style=\"box-sizing: inherit;\">Herkunft des aufrufenden Rechners<\/li><li style=\"box-sizing: inherit;\">Verweildauer auf der Website<\/li><\/ul><p style=\"box-sizing: inherit; color: rgb(117, 117, 117); font-family: Raleway;\">Diese Daten aus den Protokoll-&nbsp;<abbr title=\"beziehungsweise\" style=\"box-sizing: inherit;\">bzw.<\/abbr>&nbsp;Logdateien dienen zur Abwehr und Analyse von Angriffen auf das Portal und werden bis zu 48 Stunden direkt und ausschlie\u00dflich f\u00fcr Administratoren zug\u00e4nglich aufbewahrt. Danach sind sie nur noch indirekt \u00fcber die Rekonstruktion von Sicherungsb\u00e4ndern verf\u00fcgbar und werden nach sechs Wochen endg\u00fcltig gel\u00f6scht.<\/p><p style=\"box-sizing: inherit; color: rgb(117, 117, 117); font-family: Raleway;\"><strong style=\"box-sizing: inherit;\">E-Mail<\/strong><br style=\"box-sizing: inherit;\">Bei der Kontaktaufnahme per E-Mail erfolgt die Eingabe personenbezogener Daten auf ausdr\u00fccklich freiwilliger Basis (Rechtsgrundlage ist&nbsp;<abbr title=\"Artikel\" style=\"box-sizing: inherit;\">Art.<\/abbr>&nbsp;6&nbsp;<abbr title=\"Absatz\" style=\"box-sizing: inherit;\">Abs.<\/abbr>&nbsp;1 S. 1 lit. a&nbsp;<abbr title=\"Datenschutz-Grundverordnung\" style=\"box-sizing: inherit;\">DSGVO<\/abbr>). Dabei k\u00f6nnen gespeichert werden:<\/p><ul style=\"box-sizing: inherit; color: rgb(117, 117, 117); font-family: Raleway;\"><li style=\"box-sizing: inherit;\">Anrede<\/li><li style=\"box-sizing: inherit;\">Name\/Firmenname<\/li><li style=\"box-sizing: inherit;\">Vorname<\/li><li style=\"box-sizing: inherit;\">E-Mail Adresse<\/li><li style=\"box-sizing: inherit;\">Stra\u00dfe<\/li><li style=\"box-sizing: inherit;\">Hausnummer<\/li><li style=\"box-sizing: inherit;\">Postleitzahl<\/li><li style=\"box-sizing: inherit;\">Ort<\/li><li style=\"box-sizing: inherit;\">Telefonnummer<\/li><li style=\"box-sizing: inherit;\">Betreff<\/li><li style=\"box-sizing: inherit;\">Ihre Nachricht<\/li><li style=\"box-sizing: inherit;\">Benutzer\/Benutzername<\/li><li style=\"box-sizing: inherit;\">IP-Adresse<\/li><\/ul><p style=\"box-sizing: inherit; color: rgb(117, 117, 117); font-family: Raleway;\">Bei Ihrer Kontaktaufnahme mit uns per E-Mail m\u00fcssen die von Ihnen freiwillig mitgeteilten Daten gespeichert werden, damit wir Ihrem Anliegen entgegen kommen k\u00f6nnen.<\/p><p style=\"box-sizing: inherit; color: rgb(117, 117, 117); font-family: Raleway;\">Personen unter 16 Jahren sollten keine personenbezogenen Daten an uns \u00fcbermitteln, es sei denn die Zustimmung der Eltern oder Sorgeberechtigten (Tr\u00e4ger der elterlichen Verantwortung) wurde erteilt (<abbr title=\"Artikel\" style=\"box-sizing: inherit;\">Art.<\/abbr>&nbsp;8&nbsp;<abbr title=\"Absatz\" style=\"box-sizing: inherit;\">Abs.<\/abbr>&nbsp;1&nbsp;<abbr title=\"Datenschutz-Grundverordnung\" style=\"box-sizing: inherit;\">DSGVO<\/abbr>). Die Zustimmung muss dann ausdr\u00fccklich in der Nachricht vermerkt sein&nbsp; (<abbr title=\"Artikel\" style=\"box-sizing: inherit;\">Art.<\/abbr>&nbsp;8&nbsp;<abbr title=\"Absatz\" style=\"box-sizing: inherit;\">Abs.<\/abbr>&nbsp;2&nbsp;<abbr title=\"Datenschutz-Grundverordnung\" style=\"box-sizing: inherit;\">DSGVO<\/abbr>). Wir fordern keine personenbezogenen Daten von Kindern und Jugendlichen an. Wissentlich sammeln wir solche Daten nicht.<\/p><p style=\"box-sizing: inherit; color: rgb(117, 117, 117); font-family: Raleway;\">Die von Ihnen eingegebenen pers\u00f6nlichen Daten verwenden wir nur zu dem von Ihnen gew\u00fcnschten Zweck und nur innerhalb der Landesregierung&nbsp;<abbr title=\"beziehungsweise\" style=\"box-sizing: inherit;\">bzw.<\/abbr>&nbsp;der mit dem jeweiligen Service beauftragten Beh\u00f6rden, Dienststellen und Institutionen.<br style=\"box-sizing: inherit;\">Die anfallenden personenbezogenen Daten, die wir per E-Mail oder Kontaktformular erhalten,&nbsp; l\u00f6schen wir, sobald die Speicherung nicht mehr f\u00fcr den von Ihnen verfolgten Zweck oder im Zusammenhang mit damit ausgel\u00f6sten Verwaltungsvorg\u00e4ngen und den&nbsp; hierf\u00fcr geltenden Aufbewahrungspflichten erforderlich ist.<\/p><p style=\"box-sizing: inherit; color: rgb(117, 117, 117); font-family: Raleway;\"><strong style=\"box-sizing: inherit;\">Webanalyse<\/strong><br style=\"box-sizing: inherit;\">Zugriffe auf diese Website werden mit WordPress Jetpack, einem Open-Source Web-Analyse-Tool (<a rel=\"noreferrer noopener\" href=\"https:\/\/www.awstats.org\/\" target=\"_blank\" style=\"box-sizing: inherit; color: rgb(22, 141, 210);\">www.awstats.org<\/a>&nbsp;), anonym ausgewertet.<br style=\"box-sizing: inherit;\"><br style=\"box-sizing: inherit;\"><strong style=\"box-sizing: inherit;\">Allgemeines zum Datenschutz<\/strong><br style=\"box-sizing: inherit;\">Im Zuge der Weiterentwicklung dieser Internetseite und der Implementierung neuer Technologien, um unseren Service f\u00fcr Sie zu verbessern, k\u00f6nnen auch \u00c4nderungen dieser Datenschutzerkl\u00e4rung erforderlich werden. Wir empfehlen Ihnen deshalb, sich die Datenschutzerkl\u00e4rung von Zeit zu Zeit erneut durchzulesen.<\/p><p style=\"box-sizing: inherit; color: rgb(117, 117, 117); font-family: Raleway;\">Allgemeines zum Thema Datenschutz finden Sie auf der Website der Landesbeauftragten f\u00fcr Datenschutz und Informationsfreiheit Nordrhein-Westfalen:&nbsp;<a href=\"http:\/\/www.ldi.nrw.de\/\" target=\"_blank\" rel=\"noreferrer noopener\" style=\"box-sizing: inherit; color: rgb(22, 141, 210);\">www.ldi.nrw.de<\/a>&nbsp;.<\/p><p style=\"box-sizing: inherit; color: rgb(117, 117, 117); font-family: Raleway;\">Wir weisen darauf hin, dass Betreiber von fremden Internetseiten, die vom Portal aus verlinkt werden, die Daten von Besucherinnen&nbsp;<abbr title=\"beziehungsweise\" style=\"box-sizing: inherit;\">bzw.<\/abbr>&nbsp;Besuchern dieser Internetseiten erheben und auswerten k\u00f6nnen.<\/p>\t\t\t\t\t\t\t\t<\/div>\n\t\t\t\t<\/div>\n\t\t\t\t\t<\/div>\n\t\t<\/div>\n\t\t\t\t\t<\/div>\n\t\t<\/section>\n\t\t\t\t<\/div>\n\t\t","protected":false},"excerpt":{"rendered":"<p>Informationen zum Datenschutz Wir nehmen den Schutz Ihrer personenbezogenen Daten sehr ernst und m\u00f6chten Ihnen mit dieser Datenschutzerkl\u00e4rung daher einen \u00dcberblick dar\u00fcber geben, wie der Schutz Ihrer Daten gew\u00e4hrleistet wird, welche Art von Daten zu welchem Zweck erhoben und wie &hellip; <\/p>\n","protected":false},"author":1,"featured_media":0,"parent":0,"menu_order":0,"comment_status":"closed","ping_status":"closed","template":"","meta":{"footnotes":""},"class_list":["post-53","page","type-page","status-publish","hentry","latest_post"],"yoast_head":"<!-- This site is optimized with the Yoast SEO plugin v27.3 - https:\/\/yoast.com\/product\/yoast-seo-wordpress\/ -->\n<title>Datenschutz - J\u00f6rg Frisch<\/title>\n<meta name=\"robots\" content=\"index, follow, max-snippet:-1, max-image-preview:large, max-video-preview:-1\" \/>\n<link rel=\"canonical\" href=\"https:\/\/joerg-frisch.de\/index.php\/datenschutz\/\" \/>\n<meta property=\"og:locale\" content=\"de_DE\" \/>\n<meta property=\"og:type\" content=\"article\" \/>\n<meta property=\"og:title\" content=\"Datenschutz - J\u00f6rg Frisch\" \/>\n<meta property=\"og:description\" content=\"Informationen zum Datenschutz Wir nehmen den Schutz Ihrer personenbezogenen Daten sehr ernst und m\u00f6chten Ihnen mit dieser Datenschutzerkl\u00e4rung daher einen \u00dcberblick dar\u00fcber geben, wie der Schutz Ihrer Daten gew\u00e4hrleistet wird, welche Art von Daten zu welchem Zweck erhoben und wie &hellip;\" \/>\n<meta property=\"og:url\" content=\"https:\/\/joerg-frisch.de\/index.php\/datenschutz\/\" \/>\n<meta property=\"og:site_name\" content=\"J\u00f6rg Frisch\" \/>\n<meta property=\"article:modified_time\" content=\"2021-01-18T09:56:58+00:00\" \/>\n<meta name=\"twitter:card\" content=\"summary_large_image\" \/>\n<meta name=\"twitter:label1\" content=\"Gesch\u00e4tzte Lesezeit\" \/>\n\t<meta name=\"twitter:data1\" content=\"3\u00a0Minuten\" \/>\n<script type=\"application\/ld+json\" class=\"yoast-schema-graph\">{\"@context\":\"https:\\\/\\\/schema.org\",\"@graph\":[{\"@type\":\"WebPage\",\"@id\":\"https:\\\/\\\/joerg-frisch.de\\\/index.php\\\/datenschutz\\\/\",\"url\":\"https:\\\/\\\/joerg-frisch.de\\\/index.php\\\/datenschutz\\\/\",\"name\":\"Datenschutz - J\u00f6rg Frisch\",\"isPartOf\":{\"@id\":\"https:\\\/\\\/joerg-frisch.de\\\/#website\"},\"datePublished\":\"2020-10-27T18:09:43+00:00\",\"dateModified\":\"2021-01-18T09:56:58+00:00\",\"breadcrumb\":{\"@id\":\"https:\\\/\\\/joerg-frisch.de\\\/index.php\\\/datenschutz\\\/#breadcrumb\"},\"inLanguage\":\"de\",\"potentialAction\":[{\"@type\":\"ReadAction\",\"target\":[\"https:\\\/\\\/joerg-frisch.de\\\/index.php\\\/datenschutz\\\/\"]}]},{\"@type\":\"BreadcrumbList\",\"@id\":\"https:\\\/\\\/joerg-frisch.de\\\/index.php\\\/datenschutz\\\/#breadcrumb\",\"itemListElement\":[{\"@type\":\"ListItem\",\"position\":1,\"name\":\"Home\",\"item\":\"https:\\\/\\\/joerg-frisch.de\\\/\"},{\"@type\":\"ListItem\",\"position\":2,\"name\":\"Datenschutz\"}]},{\"@type\":\"WebSite\",\"@id\":\"https:\\\/\\\/joerg-frisch.de\\\/#website\",\"url\":\"https:\\\/\\\/joerg-frisch.de\\\/\",\"name\":\"J\u00f6rg Frisch \\\/ Schiedsmann\",\"description\":\"Schiedsmann\",\"publisher\":{\"@id\":\"https:\\\/\\\/joerg-frisch.de\\\/#organization\"},\"potentialAction\":[{\"@type\":\"SearchAction\",\"target\":{\"@type\":\"EntryPoint\",\"urlTemplate\":\"https:\\\/\\\/joerg-frisch.de\\\/?s={search_term_string}\"},\"query-input\":{\"@type\":\"PropertyValueSpecification\",\"valueRequired\":true,\"valueName\":\"search_term_string\"}}],\"inLanguage\":\"de\"},{\"@type\":\"Organization\",\"@id\":\"https:\\\/\\\/joerg-frisch.de\\\/#organization\",\"name\":\"Schiedsamt Duisburg Bezirk 25\",\"url\":\"https:\\\/\\\/joerg-frisch.de\\\/\",\"logo\":{\"@type\":\"ImageObject\",\"inLanguage\":\"de\",\"@id\":\"https:\\\/\\\/joerg-frisch.de\\\/#\\\/schema\\\/logo\\\/image\\\/\",\"url\":\"https:\\\/\\\/i1.wp.com\\\/joerg-frisch.de\\\/wp-content\\\/uploads\\\/2020\\\/10\\\/nrw_wappen-e1610906761644.png?fit=512%2C288&ssl=1\",\"contentUrl\":\"https:\\\/\\\/i1.wp.com\\\/joerg-frisch.de\\\/wp-content\\\/uploads\\\/2020\\\/10\\\/nrw_wappen-e1610906761644.png?fit=512%2C288&ssl=1\",\"width\":512,\"height\":288,\"caption\":\"Schiedsamt Duisburg Bezirk 25\"},\"image\":{\"@id\":\"https:\\\/\\\/joerg-frisch.de\\\/#\\\/schema\\\/logo\\\/image\\\/\"}}]}<\/script>\n<!-- \/ Yoast SEO plugin. -->","yoast_head_json":{"title":"Datenschutz - J\u00f6rg Frisch","robots":{"index":"index","follow":"follow","max-snippet":"max-snippet:-1","max-image-preview":"max-image-preview:large","max-video-preview":"max-video-preview:-1"},"canonical":"https:\/\/joerg-frisch.de\/index.php\/datenschutz\/","og_locale":"de_DE","og_type":"article","og_title":"Datenschutz - J\u00f6rg Frisch","og_description":"Informationen zum Datenschutz Wir nehmen den Schutz Ihrer personenbezogenen Daten sehr ernst und m\u00f6chten Ihnen mit dieser Datenschutzerkl\u00e4rung daher einen \u00dcberblick dar\u00fcber geben, wie der Schutz Ihrer Daten gew\u00e4hrleistet wird, welche Art von Daten zu welchem Zweck erhoben und wie &hellip;","og_url":"https:\/\/joerg-frisch.de\/index.php\/datenschutz\/","og_site_name":"J\u00f6rg Frisch","article_modified_time":"2021-01-18T09:56:58+00:00","twitter_card":"summary_large_image","twitter_misc":{"Gesch\u00e4tzte Lesezeit":"3\u00a0Minuten"},"schema":{"@context":"https:\/\/schema.org","@graph":[{"@type":"WebPage","@id":"https:\/\/joerg-frisch.de\/index.php\/datenschutz\/","url":"https:\/\/joerg-frisch.de\/index.php\/datenschutz\/","name":"Datenschutz - J\u00f6rg Frisch","isPartOf":{"@id":"https:\/\/joerg-frisch.de\/#website"},"datePublished":"2020-10-27T18:09:43+00:00","dateModified":"2021-01-18T09:56:58+00:00","breadcrumb":{"@id":"https:\/\/joerg-frisch.de\/index.php\/datenschutz\/#breadcrumb"},"inLanguage":"de","potentialAction":[{"@type":"ReadAction","target":["https:\/\/joerg-frisch.de\/index.php\/datenschutz\/"]}]},{"@type":"BreadcrumbList","@id":"https:\/\/joerg-frisch.de\/index.php\/datenschutz\/#breadcrumb","itemListElement":[{"@type":"ListItem","position":1,"name":"Home","item":"https:\/\/joerg-frisch.de\/"},{"@type":"ListItem","position":2,"name":"Datenschutz"}]},{"@type":"WebSite","@id":"https:\/\/joerg-frisch.de\/#website","url":"https:\/\/joerg-frisch.de\/","name":"J\u00f6rg Frisch \/ Schiedsmann","description":"Schiedsmann","publisher":{"@id":"https:\/\/joerg-frisch.de\/#organization"},"potentialAction":[{"@type":"SearchAction","target":{"@type":"EntryPoint","urlTemplate":"https:\/\/joerg-frisch.de\/?s={search_term_string}"},"query-input":{"@type":"PropertyValueSpecification","valueRequired":true,"valueName":"search_term_string"}}],"inLanguage":"de"},{"@type":"Organization","@id":"https:\/\/joerg-frisch.de\/#organization","name":"Schiedsamt Duisburg Bezirk 25","url":"https:\/\/joerg-frisch.de\/","logo":{"@type":"ImageObject","inLanguage":"de","@id":"https:\/\/joerg-frisch.de\/#\/schema\/logo\/image\/","url":"https:\/\/i1.wp.com\/joerg-frisch.de\/wp-content\/uploads\/2020\/10\/nrw_wappen-e1610906761644.png?fit=512%2C288&ssl=1","contentUrl":"https:\/\/i1.wp.com\/joerg-frisch.de\/wp-content\/uploads\/2020\/10\/nrw_wappen-e1610906761644.png?fit=512%2C288&ssl=1","width":512,"height":288,"caption":"Schiedsamt Duisburg Bezirk 25"},"image":{"@id":"https:\/\/joerg-frisch.de\/#\/schema\/logo\/image\/"}}]}},"_links":{"self":[{"href":"https:\/\/joerg-frisch.de\/index.php\/wp-json\/wp\/v2\/pages\/53","targetHints":{"allow":["GET"]}}],"collection":[{"href":"https:\/\/joerg-frisch.de\/index.php\/wp-json\/wp\/v2\/pages"}],"about":[{"href":"https:\/\/joerg-frisch.de\/index.php\/wp-json\/wp\/v2\/types\/page"}],"author":[{"embeddable":true,"href":"https:\/\/joerg-frisch.de\/index.php\/wp-json\/wp\/v2\/users\/1"}],"replies":[{"embeddable":true,"href":"https:\/\/joerg-frisch.de\/index.php\/wp-json\/wp\/v2\/comments?post=53"}],"version-history":[{"count":8,"href":"https:\/\/joerg-frisch.de\/index.php\/wp-json\/wp\/v2\/pages\/53\/revisions"}],"predecessor-version":[{"id":166,"href":"https:\/\/joerg-frisch.de\/index.php\/wp-json\/wp\/v2\/pages\/53\/revisions\/166"}],"wp:attachment":[{"href":"https:\/\/joerg-frisch.de\/index.php\/wp-json\/wp\/v2\/media?parent=53"}],"curies":[{"name":"wp","href":"https:\/\/api.w.org\/{rel}","templated":true}]}}